{"id":70,"date":"2016-12-01T09:46:59","date_gmt":"2016-12-01T08:46:59","guid":{"rendered":"http:\/\/www.abelleite.net\/pignanvtt\/?page_id=70"},"modified":"2026-01-03T10:55:49","modified_gmt":"2026-01-03T09:55:49","slug":"adhesion-pignan-vtt","status":"publish","type":"page","link":"http:\/\/www.pignanvtt.fr\/index.php\/adhesion-pignan-vtt\/","title":{"rendered":"Adh\u00e9sion Pignan VTT"},"content":{"rendered":"<h1 class=\"standard\" style=\"text-align: center;\">Comment adh\u00e9rer \u00e0 l&rsquo;association<\/h1>\n<h1 class=\"standard\" style=\"text-align: center;\">\u00a0<\/h1>\n<h3><u>Inscription en ligne (1re adh\u00e9sion)<br \/><\/u><\/h3>\n<p><span style=\"font-size: revert; color: initial; font-family: -apple-system, BlinkMacSystemFont, 'Segoe UI', Roboto, Oxygen-Sans, Ubuntu, Cantarell, 'Helvetica Neue', sans-serif;\">Si vous souhaitez adh\u00e9rer au club, n&rsquo;h\u00e9sitez pas \u00e0 nous contacter et \u00e0 venir rouler avec nous pour voir si la pratique vous convient.\u00a0 <\/span><span style=\"font-size: revert; color: initial; font-family: -apple-system, BlinkMacSystemFont, 'Segoe UI', Roboto, Oxygen-Sans, Ubuntu, Cantarell, 'Helvetica Neue', sans-serif;\"> Les trois premi\u00e8res sorties d\u2019essais peuvent se faire sans adh\u00e9sion \u00e0 l\u2019association et sont couvertes par notre assurance.<br \/><\/span><\/p>\n<p><span style=\"font-size: revert; color: initial; font-family: -apple-system, BlinkMacSystemFont, 'Segoe UI', Roboto, Oxygen-Sans, Ubuntu, Cantarell, 'Helvetica Neue', sans-serif;\">Si vous \u00eates convaincu(e), alors l&rsquo;inscription se passe par ici :\u00a0<a href=\"https:\/\/asso-pignan-vtt.s2.yapla.com\/fr\/espace-membres\/adhesion\/\" target=\"_blank\" rel=\"noopener\"><strong>lien vers la page d&rsquo;adh\u00e9sion<\/strong><\/a><\/span><\/p>\n<p><em><strong>Attention<\/strong><\/em> : pour les inscriptions famille (plusieurs membres d&rsquo;un m\u00eame foyer, contactez nous au pr\u00e9alable pour b\u00e9n\u00e9ficier des tarifs pr\u00e9f\u00e9rentiels)<\/p>\n<p>Nous serons heureux de vous compter parmi nos adh\u00e9rents, \u00e0 tr\u00e8s bient\u00f4t sur les chemins ou routes.<\/p>\n<h3><u>Renouvellement de licence<\/u><\/h3>\n<p>Pour les renouvellements de licence, c&rsquo;est en janvier, au m\u00eame endroit et voici le tutoriel \u00e0 consulter avant de se lancer ! <a href=\"https:\/\/www.pignanvtt.fr\/wp-content\/uploads\/2026\/01\/RENOUVELLEMENT-DE-VOTRE-LICENCE-tuto.pdf\" target=\"_blank\" rel=\"noopener\">Tutoriel renouvellement licence<\/a><\/p>\n<p>Sportivement,<\/p>\n<p>Les membres de l&rsquo;association<\/p>\n\n\n<p><\/p>\n","protected":false},"excerpt":{"rendered":"<p>Comment adh\u00e9rer \u00e0 l&rsquo;association \u00a0 Inscription en ligne (1re adh\u00e9sion) Si vous souhaitez adh\u00e9rer au club, n&rsquo;h\u00e9sitez pas \u00e0 nous contacter et \u00e0 venir rouler avec nous pour voir si la pratique vous convient.\u00a0 Les trois premi\u00e8res sorties d\u2019essais peuvent se faire sans adh\u00e9sion \u00e0 l\u2019association et sont couvertes par notre assurance. Si vous \u00eates [&hellip;]<\/p>\n","protected":false},"author":1,"featured_media":0,"parent":0,"menu_order":0,"comment_status":"closed","ping_status":"closed","template":"","meta":{"footnotes":""},"class_list":["post-70","page","type-page","status-publish","hentry"],"yoast_head":"<!-- This site is optimized with the Yoast SEO plugin v25.9 - https:\/\/yoast.com\/wordpress\/plugins\/seo\/ -->\n<title>Adh\u00e9sion Pignan VTT &#171; Pignan VTT<\/title>\n<meta name=\"robots\" content=\"index, follow, max-snippet:-1, max-image-preview:large, max-video-preview:-1\" \/>\n<link rel=\"canonical\" href=\"http:\/\/www.pignanvtt.fr\/index.php\/adhesion-pignan-vtt\/\" \/>\n<meta property=\"og:locale\" content=\"fr_FR\" \/>\n<meta property=\"og:type\" content=\"article\" \/>\n<meta property=\"og:title\" content=\"Adh\u00e9sion Pignan VTT &#171; Pignan VTT\" \/>\n<meta property=\"og:description\" content=\"Comment adh\u00e9rer \u00e0 l&rsquo;association \u00a0 Inscription en ligne (1re adh\u00e9sion) Si vous souhaitez adh\u00e9rer au club, n&rsquo;h\u00e9sitez pas \u00e0 nous contacter et \u00e0 venir rouler avec nous pour voir si la pratique vous convient.\u00a0 Les trois premi\u00e8res sorties d\u2019essais peuvent se faire sans adh\u00e9sion \u00e0 l\u2019association et sont couvertes par notre assurance. Si vous \u00eates [&hellip;]\" \/>\n<meta property=\"og:url\" content=\"http:\/\/www.pignanvtt.fr\/index.php\/adhesion-pignan-vtt\/\" \/>\n<meta property=\"og:site_name\" content=\"Pignan VTT\" \/>\n<meta property=\"article:modified_time\" content=\"2026-01-03T09:55:49+00:00\" \/>\n<meta name=\"twitter:card\" content=\"summary_large_image\" \/>\n<meta name=\"twitter:label1\" content=\"Dur\u00e9e de lecture estim\u00e9e\" \/>\n\t<meta name=\"twitter:data1\" content=\"1 minute\" \/>\n<script type=\"application\/ld+json\" class=\"yoast-schema-graph\">{\"@context\":\"https:\/\/schema.org\",\"@graph\":[{\"@type\":\"WebPage\",\"@id\":\"http:\/\/www.pignanvtt.fr\/index.php\/adhesion-pignan-vtt\/\",\"url\":\"http:\/\/www.pignanvtt.fr\/index.php\/adhesion-pignan-vtt\/\",\"name\":\"Adh\u00e9sion Pignan VTT &#171; Pignan VTT\",\"isPartOf\":{\"@id\":\"http:\/\/www.pignanvtt.fr\/#website\"},\"datePublished\":\"2016-12-01T08:46:59+00:00\",\"dateModified\":\"2026-01-03T09:55:49+00:00\",\"breadcrumb\":{\"@id\":\"http:\/\/www.pignanvtt.fr\/index.php\/adhesion-pignan-vtt\/#breadcrumb\"},\"inLanguage\":\"fr-FR\",\"potentialAction\":[{\"@type\":\"ReadAction\",\"target\":[\"http:\/\/www.pignanvtt.fr\/index.php\/adhesion-pignan-vtt\/\"]}]},{\"@type\":\"BreadcrumbList\",\"@id\":\"http:\/\/www.pignanvtt.fr\/index.php\/adhesion-pignan-vtt\/#breadcrumb\",\"itemListElement\":[{\"@type\":\"ListItem\",\"position\":1,\"name\":\"Accueil\",\"item\":\"http:\/\/www.pignanvtt.fr\/\"},{\"@type\":\"ListItem\",\"position\":2,\"name\":\"Adh\u00e9sion Pignan VTT\"}]},{\"@type\":\"WebSite\",\"@id\":\"http:\/\/www.pignanvtt.fr\/#website\",\"url\":\"http:\/\/www.pignanvtt.fr\/\",\"name\":\"Pignan VTT\",\"description\":\"Association Pignan VTT de la commune de PIGNAN (Languedoc-Roussillon, H\u00e9rault, 34)\",\"potentialAction\":[{\"@type\":\"SearchAction\",\"target\":{\"@type\":\"EntryPoint\",\"urlTemplate\":\"http:\/\/www.pignanvtt.fr\/?s={search_term_string}\"},\"query-input\":{\"@type\":\"PropertyValueSpecification\",\"valueRequired\":true,\"valueName\":\"search_term_string\"}}],\"inLanguage\":\"fr-FR\"}]}<\/script>\n<!-- \/ Yoast SEO plugin. -->","yoast_head_json":{"title":"Adh\u00e9sion Pignan VTT &#171; Pignan VTT","robots":{"index":"index","follow":"follow","max-snippet":"max-snippet:-1","max-image-preview":"max-image-preview:large","max-video-preview":"max-video-preview:-1"},"canonical":"http:\/\/www.pignanvtt.fr\/index.php\/adhesion-pignan-vtt\/","og_locale":"fr_FR","og_type":"article","og_title":"Adh\u00e9sion Pignan VTT &#171; Pignan VTT","og_description":"Comment adh\u00e9rer \u00e0 l&rsquo;association \u00a0 Inscription en ligne (1re adh\u00e9sion) Si vous souhaitez adh\u00e9rer au club, n&rsquo;h\u00e9sitez pas \u00e0 nous contacter et \u00e0 venir rouler avec nous pour voir si la pratique vous convient.\u00a0 Les trois premi\u00e8res sorties d\u2019essais peuvent se faire sans adh\u00e9sion \u00e0 l\u2019association et sont couvertes par notre assurance. Si vous \u00eates [&hellip;]","og_url":"http:\/\/www.pignanvtt.fr\/index.php\/adhesion-pignan-vtt\/","og_site_name":"Pignan VTT","article_modified_time":"2026-01-03T09:55:49+00:00","twitter_card":"summary_large_image","twitter_misc":{"Dur\u00e9e de lecture estim\u00e9e":"1 minute"},"schema":{"@context":"https:\/\/schema.org","@graph":[{"@type":"WebPage","@id":"http:\/\/www.pignanvtt.fr\/index.php\/adhesion-pignan-vtt\/","url":"http:\/\/www.pignanvtt.fr\/index.php\/adhesion-pignan-vtt\/","name":"Adh\u00e9sion Pignan VTT &#171; Pignan VTT","isPartOf":{"@id":"http:\/\/www.pignanvtt.fr\/#website"},"datePublished":"2016-12-01T08:46:59+00:00","dateModified":"2026-01-03T09:55:49+00:00","breadcrumb":{"@id":"http:\/\/www.pignanvtt.fr\/index.php\/adhesion-pignan-vtt\/#breadcrumb"},"inLanguage":"fr-FR","potentialAction":[{"@type":"ReadAction","target":["http:\/\/www.pignanvtt.fr\/index.php\/adhesion-pignan-vtt\/"]}]},{"@type":"BreadcrumbList","@id":"http:\/\/www.pignanvtt.fr\/index.php\/adhesion-pignan-vtt\/#breadcrumb","itemListElement":[{"@type":"ListItem","position":1,"name":"Accueil","item":"http:\/\/www.pignanvtt.fr\/"},{"@type":"ListItem","position":2,"name":"Adh\u00e9sion Pignan VTT"}]},{"@type":"WebSite","@id":"http:\/\/www.pignanvtt.fr\/#website","url":"http:\/\/www.pignanvtt.fr\/","name":"Pignan VTT","description":"Association Pignan VTT de la commune de PIGNAN (Languedoc-Roussillon, H\u00e9rault, 34)","potentialAction":[{"@type":"SearchAction","target":{"@type":"EntryPoint","urlTemplate":"http:\/\/www.pignanvtt.fr\/?s={search_term_string}"},"query-input":{"@type":"PropertyValueSpecification","valueRequired":true,"valueName":"search_term_string"}}],"inLanguage":"fr-FR"}]}},"_links":{"self":[{"href":"http:\/\/www.pignanvtt.fr\/index.php\/wp-json\/wp\/v2\/pages\/70","targetHints":{"allow":["GET"]}}],"collection":[{"href":"http:\/\/www.pignanvtt.fr\/index.php\/wp-json\/wp\/v2\/pages"}],"about":[{"href":"http:\/\/www.pignanvtt.fr\/index.php\/wp-json\/wp\/v2\/types\/page"}],"author":[{"embeddable":true,"href":"http:\/\/www.pignanvtt.fr\/index.php\/wp-json\/wp\/v2\/users\/1"}],"replies":[{"embeddable":true,"href":"http:\/\/www.pignanvtt.fr\/index.php\/wp-json\/wp\/v2\/comments?post=70"}],"version-history":[{"count":72,"href":"http:\/\/www.pignanvtt.fr\/index.php\/wp-json\/wp\/v2\/pages\/70\/revisions"}],"predecessor-version":[{"id":1218,"href":"http:\/\/www.pignanvtt.fr\/index.php\/wp-json\/wp\/v2\/pages\/70\/revisions\/1218"}],"wp:attachment":[{"href":"http:\/\/www.pignanvtt.fr\/index.php\/wp-json\/wp\/v2\/media?parent=70"}],"curies":[{"name":"wp","href":"https:\/\/api.w.org\/{rel}","templated":true}]}}