{"id":411,"date":"2016-12-13T13:46:59","date_gmt":"2016-12-13T12:46:59","guid":{"rendered":"http:\/\/www.pignanvtt.fr\/?page_id=411"},"modified":"2022-07-05T10:32:02","modified_gmt":"2022-07-05T08:32:02","slug":"bons-plans-astuces-recommendations","status":"publish","type":"page","link":"http:\/\/www.pignanvtt.fr\/index.php\/bons-plans-astuces-recommendations\/","title":{"rendered":"Bons plans et astuces"},"content":{"rendered":"<h1 style=\"text-align: center;\">Cyclisme sur route ou tout chemin ?<\/h1>\n<h2 style=\"text-align: center;\">Les choses utiles \u00e0 lire et \u00e0 savoir.<\/h2>\n<p>Vous trouverez dans ce menu les bons plans tels que les avantages li\u00e9s \u00e0 nos partenaires et sponsors. Mais \u00e9galement les articles ou astuces utiles \u00e0 la pratique du cyclisme sur route ou tout terrain.<\/p>\n<ul>\n<li>Vous voulez rouler de nuit et l&rsquo;obscurit\u00e9 vous effraie ? ( et vous avez raison!). <a href=\"http:\/\/www.vttattitude.net\/articles\/tests-144-comparatif-lampes-vtt-introduction.html\">Voici un article comparatif sur des \u00e9clairages pour cycles<\/a>.<\/li>\n<li>L&rsquo;importance de la nutrition dans la pratique d&rsquo;un sport exigeant, quelques conseils utiles disponibles i\u00e7i (\u00e0 venir)<\/li>\n<li>Vous voulez faire progresser votre technique en VTT en r\u00e9visant les fondamentaux ? Le club proposera en 2017 des s\u00e9ances de formation encadr\u00e9es par des professionnels. Cela ne vous emp\u00eache pas de consulter quelques vid\u00e9o tr\u00e8s utiles propos\u00e9es par Remy Absalon!\n<ul>\n<li><a href=\"https:\/\/www.youtube.com\/watch?v=H8OnM3IMVeg\">Technique en virage<\/a><\/li>\n<li><a href=\"https:\/\/www.youtube.com\/watch?v=o6vg_dj6rEs\">N\u00e9gocier les \u00e9pingles<\/a><\/li>\n<li><a href=\"https:\/\/www.youtube.com\/watch?v=0zHcDEdAEJo\">Comment aborder une marche<\/a><\/li>\n<li><a href=\"https:\/\/www.youtube.com\/watch?v=rLN1mtaZPOY\">Techniques de base en descente<\/a><\/li>\n<li><a href=\"https:\/\/www.youtube.com\/watch?v=MmiEmSAEK0k\">Comment bien p\u00e9daler !<\/a><\/li>\n<li>d&rsquo;autres vid\u00e9os sont bien sur disponibles sur youtu.be<\/li>\n<\/ul>\n<\/li>\n<\/ul>\n","protected":false},"excerpt":{"rendered":"<p>Cyclisme sur route ou tout chemin ? Les choses utiles \u00e0 lire et \u00e0 savoir. Vous trouverez dans ce menu les bons plans tels que les avantages li\u00e9s \u00e0 nos partenaires et sponsors. Mais \u00e9galement les articles ou astuces utiles \u00e0 la pratique du cyclisme sur route ou tout terrain. Vous voulez rouler de nuit [&hellip;]<\/p>\n","protected":false},"author":1,"featured_media":0,"parent":0,"menu_order":0,"comment_status":"closed","ping_status":"closed","template":"","meta":{"footnotes":""},"class_list":["post-411","page","type-page","status-publish","hentry"],"yoast_head":"<!-- This site is optimized with the Yoast SEO plugin v25.9 - https:\/\/yoast.com\/wordpress\/plugins\/seo\/ -->\n<title>Bons plans et astuces &#171; Pignan VTT<\/title>\n<meta name=\"robots\" content=\"index, follow, max-snippet:-1, max-image-preview:large, max-video-preview:-1\" \/>\n<link rel=\"canonical\" href=\"http:\/\/www.pignanvtt.fr\/index.php\/bons-plans-astuces-recommendations\/\" \/>\n<meta property=\"og:locale\" content=\"fr_FR\" \/>\n<meta property=\"og:type\" content=\"article\" \/>\n<meta property=\"og:title\" content=\"Bons plans et astuces &#171; Pignan VTT\" \/>\n<meta property=\"og:description\" content=\"Cyclisme sur route ou tout chemin ? Les choses utiles \u00e0 lire et \u00e0 savoir. Vous trouverez dans ce menu les bons plans tels que les avantages li\u00e9s \u00e0 nos partenaires et sponsors. Mais \u00e9galement les articles ou astuces utiles \u00e0 la pratique du cyclisme sur route ou tout terrain. Vous voulez rouler de nuit [&hellip;]\" \/>\n<meta property=\"og:url\" content=\"http:\/\/www.pignanvtt.fr\/index.php\/bons-plans-astuces-recommendations\/\" \/>\n<meta property=\"og:site_name\" content=\"Pignan VTT\" \/>\n<meta property=\"article:modified_time\" content=\"2022-07-05T08:32:02+00:00\" \/>\n<meta name=\"twitter:card\" content=\"summary_large_image\" \/>\n<meta name=\"twitter:label1\" content=\"Dur\u00e9e de lecture estim\u00e9e\" \/>\n\t<meta name=\"twitter:data1\" content=\"1 minute\" \/>\n<script type=\"application\/ld+json\" class=\"yoast-schema-graph\">{\"@context\":\"https:\/\/schema.org\",\"@graph\":[{\"@type\":\"WebPage\",\"@id\":\"http:\/\/www.pignanvtt.fr\/index.php\/bons-plans-astuces-recommendations\/\",\"url\":\"http:\/\/www.pignanvtt.fr\/index.php\/bons-plans-astuces-recommendations\/\",\"name\":\"Bons plans et astuces &#171; Pignan VTT\",\"isPartOf\":{\"@id\":\"http:\/\/www.pignanvtt.fr\/#website\"},\"datePublished\":\"2016-12-13T12:46:59+00:00\",\"dateModified\":\"2022-07-05T08:32:02+00:00\",\"breadcrumb\":{\"@id\":\"http:\/\/www.pignanvtt.fr\/index.php\/bons-plans-astuces-recommendations\/#breadcrumb\"},\"inLanguage\":\"fr-FR\",\"potentialAction\":[{\"@type\":\"ReadAction\",\"target\":[\"http:\/\/www.pignanvtt.fr\/index.php\/bons-plans-astuces-recommendations\/\"]}]},{\"@type\":\"BreadcrumbList\",\"@id\":\"http:\/\/www.pignanvtt.fr\/index.php\/bons-plans-astuces-recommendations\/#breadcrumb\",\"itemListElement\":[{\"@type\":\"ListItem\",\"position\":1,\"name\":\"Accueil\",\"item\":\"http:\/\/www.pignanvtt.fr\/\"},{\"@type\":\"ListItem\",\"position\":2,\"name\":\"Bons plans et astuces\"}]},{\"@type\":\"WebSite\",\"@id\":\"http:\/\/www.pignanvtt.fr\/#website\",\"url\":\"http:\/\/www.pignanvtt.fr\/\",\"name\":\"Pignan VTT\",\"description\":\"Association Pignan VTT de la commune de PIGNAN (Languedoc-Roussillon, H\u00e9rault, 34)\",\"potentialAction\":[{\"@type\":\"SearchAction\",\"target\":{\"@type\":\"EntryPoint\",\"urlTemplate\":\"http:\/\/www.pignanvtt.fr\/?s={search_term_string}\"},\"query-input\":{\"@type\":\"PropertyValueSpecification\",\"valueRequired\":true,\"valueName\":\"search_term_string\"}}],\"inLanguage\":\"fr-FR\"}]}<\/script>\n<!-- \/ Yoast SEO plugin. -->","yoast_head_json":{"title":"Bons plans et astuces &#171; Pignan VTT","robots":{"index":"index","follow":"follow","max-snippet":"max-snippet:-1","max-image-preview":"max-image-preview:large","max-video-preview":"max-video-preview:-1"},"canonical":"http:\/\/www.pignanvtt.fr\/index.php\/bons-plans-astuces-recommendations\/","og_locale":"fr_FR","og_type":"article","og_title":"Bons plans et astuces &#171; Pignan VTT","og_description":"Cyclisme sur route ou tout chemin ? Les choses utiles \u00e0 lire et \u00e0 savoir. Vous trouverez dans ce menu les bons plans tels que les avantages li\u00e9s \u00e0 nos partenaires et sponsors. Mais \u00e9galement les articles ou astuces utiles \u00e0 la pratique du cyclisme sur route ou tout terrain. Vous voulez rouler de nuit [&hellip;]","og_url":"http:\/\/www.pignanvtt.fr\/index.php\/bons-plans-astuces-recommendations\/","og_site_name":"Pignan VTT","article_modified_time":"2022-07-05T08:32:02+00:00","twitter_card":"summary_large_image","twitter_misc":{"Dur\u00e9e de lecture estim\u00e9e":"1 minute"},"schema":{"@context":"https:\/\/schema.org","@graph":[{"@type":"WebPage","@id":"http:\/\/www.pignanvtt.fr\/index.php\/bons-plans-astuces-recommendations\/","url":"http:\/\/www.pignanvtt.fr\/index.php\/bons-plans-astuces-recommendations\/","name":"Bons plans et astuces &#171; Pignan VTT","isPartOf":{"@id":"http:\/\/www.pignanvtt.fr\/#website"},"datePublished":"2016-12-13T12:46:59+00:00","dateModified":"2022-07-05T08:32:02+00:00","breadcrumb":{"@id":"http:\/\/www.pignanvtt.fr\/index.php\/bons-plans-astuces-recommendations\/#breadcrumb"},"inLanguage":"fr-FR","potentialAction":[{"@type":"ReadAction","target":["http:\/\/www.pignanvtt.fr\/index.php\/bons-plans-astuces-recommendations\/"]}]},{"@type":"BreadcrumbList","@id":"http:\/\/www.pignanvtt.fr\/index.php\/bons-plans-astuces-recommendations\/#breadcrumb","itemListElement":[{"@type":"ListItem","position":1,"name":"Accueil","item":"http:\/\/www.pignanvtt.fr\/"},{"@type":"ListItem","position":2,"name":"Bons plans et astuces"}]},{"@type":"WebSite","@id":"http:\/\/www.pignanvtt.fr\/#website","url":"http:\/\/www.pignanvtt.fr\/","name":"Pignan VTT","description":"Association Pignan VTT de la commune de PIGNAN (Languedoc-Roussillon, H\u00e9rault, 34)","potentialAction":[{"@type":"SearchAction","target":{"@type":"EntryPoint","urlTemplate":"http:\/\/www.pignanvtt.fr\/?s={search_term_string}"},"query-input":{"@type":"PropertyValueSpecification","valueRequired":true,"valueName":"search_term_string"}}],"inLanguage":"fr-FR"}]}},"_links":{"self":[{"href":"http:\/\/www.pignanvtt.fr\/index.php\/wp-json\/wp\/v2\/pages\/411","targetHints":{"allow":["GET"]}}],"collection":[{"href":"http:\/\/www.pignanvtt.fr\/index.php\/wp-json\/wp\/v2\/pages"}],"about":[{"href":"http:\/\/www.pignanvtt.fr\/index.php\/wp-json\/wp\/v2\/types\/page"}],"author":[{"embeddable":true,"href":"http:\/\/www.pignanvtt.fr\/index.php\/wp-json\/wp\/v2\/users\/1"}],"replies":[{"embeddable":true,"href":"http:\/\/www.pignanvtt.fr\/index.php\/wp-json\/wp\/v2\/comments?post=411"}],"version-history":[{"count":8,"href":"http:\/\/www.pignanvtt.fr\/index.php\/wp-json\/wp\/v2\/pages\/411\/revisions"}],"predecessor-version":[{"id":1107,"href":"http:\/\/www.pignanvtt.fr\/index.php\/wp-json\/wp\/v2\/pages\/411\/revisions\/1107"}],"wp:attachment":[{"href":"http:\/\/www.pignanvtt.fr\/index.php\/wp-json\/wp\/v2\/media?parent=411"}],"curies":[{"name":"wp","href":"https:\/\/api.w.org\/{rel}","templated":true}]}}